{"id":1601,"date":"2024-07-11T16:34:36","date_gmt":"2024-07-11T14:34:36","guid":{"rendered":"https:\/\/premiumflotta.eu\/?page_id=1601"},"modified":"2024-07-31T15:56:18","modified_gmt":"2024-07-31T13:56:18","slug":"impress","status":"publish","type":"page","link":"https:\/\/premiumflotta.eu\/en\/impress\/","title":{"rendered":"Impress"},"content":{"rendered":"<h1>Impress<\/h1>\n<h2>Data about the service provider<\/h2>\n<p>Company name: Premium Flotta Plus Kft.<br \/>\nHead office: 1145 Budapest, Amerikai \u00fat 98. ground floor 1. door<br \/>\nAddress for correspondence: 1145 Budapest, Amerikai \u00fat 98. ground floor 1. door<br \/>\nE-mail: info@premiumflotta.eu<br \/>\nPhone number: +36 1 445 1951<br \/>\nWebsite: https:\/\/premiumflotta.eu\/<br \/>\nCompany registration number: 01-09-890154<br \/>\nTax number: 14127359-2-42<br \/>\nRepresentative: P\u00e9ter Kuti<\/p>\n<h2>Shelter provider<\/h2>\n<p><span>T\u00e1rhely.Eu Kft.<\/span><br \/>\nLocation: 1097 Budapest, K\u00f6nyves K\u00e1lm\u00e1n boulevard 12-14.<br \/>\nContact: +36 1 789-2-789, <span>support@tarhely.eu<\/span><br \/>\nWebsite: https:\/\/tarhely.eu\/<\/p>\n<h2>Subscription rights<\/h2>\n<p>Pursuant to Section 1 (1) of Act LXXVI of 1999 on Copyright (hereinafter referred to as &#8220;the Copyright Act&#8221;), the website is a copyright work, and therefore all parts of it are protected by copyright. The Copyright Act (Szjt. Pursuant to Article 16 (1) of the Copyright Act, the unauthorised use of the graphics, software, computer programs or any other application that may be used to modify the website or any part thereof is prohibited. Any material from the website and its database may be reproduced, even with the written consent of the copyright holder, only with reference to the website and with acknowledgement of the source. Premium Flotta Plus Ltd.<\/p>\n","protected":false},"excerpt":{"rendered":"<p>Impress Data about the service provider Company name: Premium Flotta Plus Kft. Head office: 1145 Budapest, Amerikai \u00fat 98. ground floor 1. door Address for correspondence: 1145 Budapest, Amerikai \u00fat 98. ground floor 1. door E-mail: info@premiumflotta.eu Phone number: +36 1 445 1951 Website: https:\/\/premiumflotta.eu\/ Company registration number: 01-09-890154 Tax number: 14127359-2-42 Representative: P\u00e9ter Kuti&#8230;<\/p>\n","protected":false},"author":1,"featured_media":0,"parent":0,"menu_order":0,"comment_status":"closed","ping_status":"closed","template":"","meta":{"_acf_changed":false,"footnotes":""},"class_list":["post-1601","page","type-page","status-publish","hentry"],"acf":[],"_links":{"self":[{"href":"https:\/\/premiumflotta.eu\/en\/wp-json\/wp\/v2\/pages\/1601","targetHints":{"allow":["GET"]}}],"collection":[{"href":"https:\/\/premiumflotta.eu\/en\/wp-json\/wp\/v2\/pages"}],"about":[{"href":"https:\/\/premiumflotta.eu\/en\/wp-json\/wp\/v2\/types\/page"}],"author":[{"embeddable":true,"href":"https:\/\/premiumflotta.eu\/en\/wp-json\/wp\/v2\/users\/1"}],"replies":[{"embeddable":true,"href":"https:\/\/premiumflotta.eu\/en\/wp-json\/wp\/v2\/comments?post=1601"}],"version-history":[{"count":2,"href":"https:\/\/premiumflotta.eu\/en\/wp-json\/wp\/v2\/pages\/1601\/revisions"}],"predecessor-version":[{"id":1603,"href":"https:\/\/premiumflotta.eu\/en\/wp-json\/wp\/v2\/pages\/1601\/revisions\/1603"}],"wp:attachment":[{"href":"https:\/\/premiumflotta.eu\/en\/wp-json\/wp\/v2\/media?parent=1601"}],"curies":[{"name":"wp","href":"https:\/\/api.w.org\/{rel}","templated":true}]}}